{"id":2338,"date":"2024-05-29T17:25:34","date_gmt":"2024-05-29T17:25:34","guid":{"rendered":"https:\/\/bitcoin-quantum.com\/kontakt-oss\/"},"modified":"2024-07-10T09:29:44","modified_gmt":"2024-07-10T09:29:44","slug":"contact-us","status":"publish","type":"page","link":"https:\/\/bitcoin-quantum.com\/no\/contact-us\/","title":{"rendered":"Kontakt oss"},"content":{"rendered":"<div>\n<h1>Kontakt Bitcoin Quantum<\/h1>\n<p>Enten du har sp\u00f8rsm\u00e5l, trenger hjelp eller \u00f8nsker \u00e5 gi tilbakemelding, er teamet v\u00e5rt her for \u00e5 hjelpe deg. Bruk informasjonen nedenfor for \u00e5 komme i kontakt med oss.<\/p>\n<\/div>\n<div>\n<h4>Postadresse<\/h4>\n<p>C\/ de C\u00f2rsega, 284, 1 Pis,<br \/>\nEixample, 08008<br \/>\nBarcelona,<br \/>\nSpania<\/p>\n<h4>Forretningsrelaterte henvendelser<\/h4>\n<p>For samarbeidsmuligheter, mediehenvendelser eller andre forretningsrelaterte sp\u00f8rsm\u00e5l, vennligst kontakt oss p\u00e5<br \/>\n<a href=\"mailto:business@bitcoin-quantum.com\">business@bitcoin-quantum.com<\/a><\/p>\n<h4>St\u00f8tte via e-post<\/h4>\n<p>For henvendelser eller supportforesp\u00f8rsler, vennligst send oss en e-post p\u00e5<br \/>\n<a href=\"mailto:support@bitcoin-quantum.com\">support@bitcoin-quantum.com<\/a><\/p>\n<\/div>\n","protected":false},"excerpt":{"rendered":"<p>Kontakt Enten du har sp\u00f8rsm\u00e5l, trenger hjelp eller \u00f8nsker \u00e5 gi tilbakemelding, er teamet v\u00e5rt her for \u00e5 hjelpe deg. Bruk informasjonen nedenfor for \u00e5 komme i kontakt med oss. Postadresse C\/ de C\u00f2rsega, 284, 1 Pis, Eixample, 08008 Barcelona, Spania Forretningsrelaterte henvendelser For samarbeidsmuligheter, mediehenvendelser eller andre forretningsrelaterte sp\u00f8rsm\u00e5l, vennligst kontakt oss p\u00e5 business@bitcoin-quantum.com [&hellip;]<\/p>\n","protected":false},"author":2,"featured_media":0,"parent":0,"menu_order":0,"comment_status":"closed","ping_status":"closed","template":"page-contact.php","meta":{"footnotes":""},"class_list":["post-2338","page","type-page","status-publish","hentry"],"yoast_head":"<!-- This site is optimized with the Yoast SEO plugin v23.2 - https:\/\/yoast.com\/wordpress\/plugins\/seo\/ -->\n<title>Bitcoin Quantum \u2122 | Offici\u00eble website 2026 | Claim nu!<\/title>\n<meta name=\"robots\" content=\"index, follow, max-snippet:-1, max-image-preview:large, max-video-preview:-1\" \/>\n<meta property=\"og:locale\" content=\"en_US\" \/>\n<meta property=\"og:site_name\" content=\"Bitcoin Quantum\" \/>\n<meta property=\"article:modified_time\" content=\"2024-07-10T09:29:44+00:00\" \/>\n<meta name=\"twitter:card\" content=\"summary_large_image\" \/>\n<!-- \/ Yoast SEO plugin. -->","yoast_head_json":{"title":"Bitcoin Quantum \u2122 | Offici\u00eble website 2026 | Claim nu!","robots":{"index":"index","follow":"follow","max-snippet":"max-snippet:-1","max-image-preview":"max-image-preview:large","max-video-preview":"max-video-preview:-1"},"og_locale":"en_US","og_site_name":"Bitcoin Quantum","article_modified_time":"2024-07-10T09:29:44+00:00","twitter_card":"summary_large_image","schema":{"@context":"https:\/\/schema.org","@graph":[{"@type":"WebPage","@id":"https:\/\/bitcoin-quantum.com\/contact-us\/","url":"https:\/\/bitcoin-quantum.com\/contact-us\/","name":"Kontakt oss - Bitcoin Quantum","isPartOf":{"@id":"https:\/\/bitcoin-quantum.com\/#website"},"datePublished":"2024-05-29T17:25:34+00:00","dateModified":"2024-07-10T09:29:44+00:00","breadcrumb":{"@id":"https:\/\/bitcoin-quantum.com\/contact-us\/#breadcrumb"},"inLanguage":"no-NO","potentialAction":[{"@type":"ReadAction","target":["https:\/\/bitcoin-quantum.com\/contact-us\/"]}]},{"@type":"BreadcrumbList","@id":"https:\/\/bitcoin-quantum.com\/contact-us\/#breadcrumb","itemListElement":[{"@type":"ListItem","position":1,"name":"Home","item":"https:\/\/bitcoin-quantum.com\/"},{"@type":"ListItem","position":2,"name":"Kontakt oss"}]},{"@type":"WebSite","@id":"https:\/\/bitcoin-quantum.com\/#website","url":"https:\/\/bitcoin-quantum.com\/","name":"Bitcoin Quantum","description":"","potentialAction":[{"@type":"SearchAction","target":{"@type":"EntryPoint","urlTemplate":"https:\/\/bitcoin-quantum.com\/?s={search_term_string}"},"query-input":"required name=search_term_string"}],"inLanguage":"no-NO"}]}},"_links":{"self":[{"href":"https:\/\/bitcoin-quantum.com\/no\/wp-json\/wp\/v2\/pages\/2338","targetHints":{"allow":["GET"]}}],"collection":[{"href":"https:\/\/bitcoin-quantum.com\/no\/wp-json\/wp\/v2\/pages"}],"about":[{"href":"https:\/\/bitcoin-quantum.com\/no\/wp-json\/wp\/v2\/types\/page"}],"author":[{"embeddable":true,"href":"https:\/\/bitcoin-quantum.com\/no\/wp-json\/wp\/v2\/users\/2"}],"replies":[{"embeddable":true,"href":"https:\/\/bitcoin-quantum.com\/no\/wp-json\/wp\/v2\/comments?post=2338"}],"version-history":[{"count":2,"href":"https:\/\/bitcoin-quantum.com\/no\/wp-json\/wp\/v2\/pages\/2338\/revisions"}],"predecessor-version":[{"id":3114,"href":"https:\/\/bitcoin-quantum.com\/no\/wp-json\/wp\/v2\/pages\/2338\/revisions\/3114"}],"wp:attachment":[{"href":"https:\/\/bitcoin-quantum.com\/no\/wp-json\/wp\/v2\/media?parent=2338"}],"curies":[{"name":"wp","href":"https:\/\/api.w.org\/{rel}","templated":true}]}}