{"id":2087,"date":"2024-05-27T16:58:01","date_gmt":"2024-05-27T16:58:01","guid":{"rendered":"https:\/\/loc.bitcoin-quantum.com\/contact-us\/"},"modified":"2024-07-10T09:29:39","modified_gmt":"2024-07-10T09:29:39","slug":"contact-us","status":"publish","type":"page","link":"https:\/\/bitcoin-quantum.com\/fr\/contact-us\/","title":{"rendered":"Nous contacter"},"content":{"rendered":"<div>\n<h1>Contacter Bitcoin Quantum<\/h1>\n<p>Que vous ayez des questions, que vous ayez besoin d&rsquo;aide ou que vous souhaitiez nous faire part de vos commentaires, notre \u00e9quipe est l\u00e0 pour vous aider. Veuillez utiliser les informations ci-dessous pour nous contacter.<\/p>\n<\/div>\n<div>\n<h4>Adresse postale<\/h4>\n<p>C\/ de C\u00f2rsega, 284, 1 Pis,<br \/>\nEixample, 08008<br \/>\nBarcelone,<br \/>\nEspagne<\/p>\n<h4>Demandes de renseignements commerciaux<\/h4>\n<p>Pour les possibilit\u00e9s de partenariat, les demandes de renseignements des m\u00e9dias ou d&rsquo;autres questions d&rsquo;ordre commercial, veuillez nous contacter \u00e0 l&rsquo;adresse suivante :<br \/>\n<a href=\"mailto:business@bitcoin-quantum.com\">business@bitcoin-quantum.com<\/a><\/p>\n<h4>Assistance par courriel<\/h4>\n<p>Pour toute demande de renseignements ou d&rsquo;assistance, veuillez nous envoyer un courriel \u00e0 l&rsquo;adresse suivante :<br \/>\n<a href=\"mailto:support@bitcoin-quantum.com\">support@bitcoin-quantum.com<\/a><\/p>\n<\/div>\n","protected":false},"excerpt":{"rendered":"<p>Contacter Que vous ayez des questions, que vous ayez besoin d&rsquo;aide ou que vous souhaitiez nous faire part de vos commentaires, notre \u00e9quipe est l\u00e0 pour vous aider. Veuillez utiliser les informations ci-dessous pour nous contacter. Adresse postale C\/ de C\u00f2rsega, 284, 1 Pis, Eixample, 08008 Barcelone, Espagne Demandes de renseignements commerciaux Pour les possibilit\u00e9s [&hellip;]<\/p>\n","protected":false},"author":2,"featured_media":0,"parent":0,"menu_order":0,"comment_status":"closed","ping_status":"closed","template":"page-contact.php","meta":{"footnotes":""},"class_list":["post-2087","page","type-page","status-publish","hentry"],"yoast_head":"<!-- This site is optimized with the Yoast SEO plugin v23.2 - https:\/\/yoast.com\/wordpress\/plugins\/seo\/ -->\n<title>Bitcoin Quantum \u2122 | Offici\u00eble website 2026 | Claim nu!<\/title>\n<meta name=\"robots\" content=\"index, follow, max-snippet:-1, max-image-preview:large, max-video-preview:-1\" \/>\n<meta property=\"og:locale\" content=\"fr_FR\" \/>\n<meta property=\"og:site_name\" content=\"Bitcoin Quantum\" \/>\n<meta property=\"article:modified_time\" content=\"2024-07-10T09:29:39+00:00\" \/>\n<meta name=\"twitter:card\" content=\"summary_large_image\" \/>\n<meta name=\"twitter:label1\" content=\"Dur\u00e9e de lecture estim\u00e9e\" \/>\n\t<meta name=\"twitter:data1\" content=\"1 minute\" \/>\n<!-- \/ Yoast SEO plugin. -->","yoast_head_json":{"title":"Bitcoin Quantum \u2122 | Offici\u00eble website 2026 | Claim nu!","robots":{"index":"index","follow":"follow","max-snippet":"max-snippet:-1","max-image-preview":"max-image-preview:large","max-video-preview":"max-video-preview:-1"},"og_locale":"fr_FR","og_site_name":"Bitcoin Quantum","article_modified_time":"2024-07-10T09:29:39+00:00","twitter_card":"summary_large_image","twitter_misc":{"Dur\u00e9e de lecture estim\u00e9e":"1 minute"},"schema":{"@context":"https:\/\/schema.org","@graph":[{"@type":"WebPage","@id":"https:\/\/bitcoin-quantum.com\/contact-us\/","url":"https:\/\/bitcoin-quantum.com\/contact-us\/","name":"Nous contacter - Bitcoin Quantum","isPartOf":{"@id":"https:\/\/bitcoin-quantum.com\/#website"},"datePublished":"2024-05-27T16:58:01+00:00","dateModified":"2024-07-10T09:29:39+00:00","breadcrumb":{"@id":"https:\/\/bitcoin-quantum.com\/contact-us\/#breadcrumb"},"inLanguage":"fr-FR","potentialAction":[{"@type":"ReadAction","target":["https:\/\/bitcoin-quantum.com\/contact-us\/"]}]},{"@type":"BreadcrumbList","@id":"https:\/\/bitcoin-quantum.com\/contact-us\/#breadcrumb","itemListElement":[{"@type":"ListItem","position":1,"name":"Home","item":"https:\/\/bitcoin-quantum.com\/"},{"@type":"ListItem","position":2,"name":"Nous contacter"}]},{"@type":"WebSite","@id":"https:\/\/bitcoin-quantum.com\/#website","url":"https:\/\/bitcoin-quantum.com\/","name":"Bitcoin Quantum","description":"","potentialAction":[{"@type":"SearchAction","target":{"@type":"EntryPoint","urlTemplate":"https:\/\/bitcoin-quantum.com\/?s={search_term_string}"},"query-input":"required name=search_term_string"}],"inLanguage":"fr-FR"}]}},"_links":{"self":[{"href":"https:\/\/bitcoin-quantum.com\/fr\/wp-json\/wp\/v2\/pages\/2087","targetHints":{"allow":["GET"]}}],"collection":[{"href":"https:\/\/bitcoin-quantum.com\/fr\/wp-json\/wp\/v2\/pages"}],"about":[{"href":"https:\/\/bitcoin-quantum.com\/fr\/wp-json\/wp\/v2\/types\/page"}],"author":[{"embeddable":true,"href":"https:\/\/bitcoin-quantum.com\/fr\/wp-json\/wp\/v2\/users\/2"}],"replies":[{"embeddable":true,"href":"https:\/\/bitcoin-quantum.com\/fr\/wp-json\/wp\/v2\/comments?post=2087"}],"version-history":[{"count":6,"href":"https:\/\/bitcoin-quantum.com\/fr\/wp-json\/wp\/v2\/pages\/2087\/revisions"}],"predecessor-version":[{"id":3106,"href":"https:\/\/bitcoin-quantum.com\/fr\/wp-json\/wp\/v2\/pages\/2087\/revisions\/3106"}],"wp:attachment":[{"href":"https:\/\/bitcoin-quantum.com\/fr\/wp-json\/wp\/v2\/media?parent=2087"}],"curies":[{"name":"wp","href":"https:\/\/api.w.org\/{rel}","templated":true}]}}