{"id":2084,"date":"2024-05-27T16:58:01","date_gmt":"2024-05-27T16:58:01","guid":{"rendered":"https:\/\/loc.bitcoin-quantum.com\/contact-us\/"},"modified":"2024-07-10T09:29:37","modified_gmt":"2024-07-10T09:29:37","slug":"contact-us","status":"publish","type":"page","link":"https:\/\/bitcoin-quantum.com\/da\/contact-us\/","title":{"rendered":"Kontakt os"},"content":{"rendered":"<div>\n<h1>Kontakt Bitcoin Quantum<\/h1>\n<p>Uanset om du har sp\u00f8rgsm\u00e5l, brug for hj\u00e6lp eller \u00f8nsker at give feedback, er vores team klar til at hj\u00e6lpe. Brug venligst nedenst\u00e5ende oplysninger for at komme i kontakt med os.<\/p>\n<\/div>\n<div>\n<h4>Postadresse<\/h4>\n<p>C\/ de C\u00f2rsega, 284, 1 Pis,<br \/>\nEixample, 08008<br \/>\nBarcelona, Spanien,<br \/>\nSpanien<\/p>\n<h4>Forretningsm\u00e6ssige foresp\u00f8rgsler<\/h4>\n<p>For partnerskabsmuligheder, medieforesp\u00f8rgsler eller andre forretningsrelaterede sp\u00f8rgsm\u00e5l bedes du kontakte os p\u00e5:<br \/>\n<a href=\"mailto:business@bitcoin-quantum.com\">business@bitcoin-quantum.com<\/a><\/p>\n<h4>Support via e-mail<\/h4>\n<p>For foresp\u00f8rgsler eller supportanmodninger, send os en e-mail p\u00e5:<br \/>\n<a href=\"mailto:support@bitcoin-quantum.com\">support@bitcoin-quantum.com<\/a><\/p>\n<\/div>\n","protected":false},"excerpt":{"rendered":"<p>Kontakt Uanset om du har sp\u00f8rgsm\u00e5l, brug for hj\u00e6lp eller \u00f8nsker at give feedback, er vores team klar til at hj\u00e6lpe. Brug venligst nedenst\u00e5ende oplysninger for at komme i kontakt med os. Postadresse C\/ de C\u00f2rsega, 284, 1 Pis, Eixample, 08008 Barcelona, Spanien, Spanien Forretningsm\u00e6ssige foresp\u00f8rgsler For partnerskabsmuligheder, medieforesp\u00f8rgsler eller andre forretningsrelaterede sp\u00f8rgsm\u00e5l bedes du [&hellip;]<\/p>\n","protected":false},"author":2,"featured_media":0,"parent":0,"menu_order":0,"comment_status":"closed","ping_status":"closed","template":"page-contact.php","meta":{"footnotes":""},"class_list":["post-2084","page","type-page","status-publish","hentry"],"yoast_head":"<!-- This site is optimized with the Yoast SEO plugin v23.2 - https:\/\/yoast.com\/wordpress\/plugins\/seo\/ -->\n<title>Bitcoin Quantum \u2122 | Offici\u00eble website 2026 | Claim nu!<\/title>\n<meta name=\"robots\" content=\"index, follow, max-snippet:-1, max-image-preview:large, max-video-preview:-1\" \/>\n<meta property=\"og:locale\" content=\"da_DK\" \/>\n<meta property=\"og:site_name\" content=\"Bitcoin Quantum\" \/>\n<meta property=\"article:modified_time\" content=\"2024-07-10T09:29:37+00:00\" \/>\n<meta name=\"twitter:card\" content=\"summary_large_image\" \/>\n<meta name=\"twitter:label1\" content=\"Estimeret l\u00e6setid\" \/>\n\t<meta name=\"twitter:data1\" content=\"1 minut\" \/>\n<!-- \/ Yoast SEO plugin. -->","yoast_head_json":{"title":"Bitcoin Quantum \u2122 | Offici\u00eble website 2026 | Claim nu!","robots":{"index":"index","follow":"follow","max-snippet":"max-snippet:-1","max-image-preview":"max-image-preview:large","max-video-preview":"max-video-preview:-1"},"og_locale":"da_DK","og_site_name":"Bitcoin Quantum","article_modified_time":"2024-07-10T09:29:37+00:00","twitter_card":"summary_large_image","twitter_misc":{"Estimeret l\u00e6setid":"1 minut"},"schema":{"@context":"https:\/\/schema.org","@graph":[{"@type":"WebPage","@id":"https:\/\/bitcoin-quantum.com\/contact-us\/","url":"https:\/\/bitcoin-quantum.com\/contact-us\/","name":"Kontakt os - Bitcoin Quantum","isPartOf":{"@id":"https:\/\/bitcoin-quantum.com\/#website"},"datePublished":"2024-05-27T16:58:01+00:00","dateModified":"2024-07-10T09:29:37+00:00","breadcrumb":{"@id":"https:\/\/bitcoin-quantum.com\/contact-us\/#breadcrumb"},"inLanguage":"da-DK","potentialAction":[{"@type":"ReadAction","target":["https:\/\/bitcoin-quantum.com\/contact-us\/"]}]},{"@type":"BreadcrumbList","@id":"https:\/\/bitcoin-quantum.com\/contact-us\/#breadcrumb","itemListElement":[{"@type":"ListItem","position":1,"name":"Home","item":"https:\/\/bitcoin-quantum.com\/"},{"@type":"ListItem","position":2,"name":"Kontakt os"}]},{"@type":"WebSite","@id":"https:\/\/bitcoin-quantum.com\/#website","url":"https:\/\/bitcoin-quantum.com\/","name":"Bitcoin Quantum","description":"","potentialAction":[{"@type":"SearchAction","target":{"@type":"EntryPoint","urlTemplate":"https:\/\/bitcoin-quantum.com\/?s={search_term_string}"},"query-input":"required name=search_term_string"}],"inLanguage":"da-DK"}]}},"_links":{"self":[{"href":"https:\/\/bitcoin-quantum.com\/da\/wp-json\/wp\/v2\/pages\/2084","targetHints":{"allow":["GET"]}}],"collection":[{"href":"https:\/\/bitcoin-quantum.com\/da\/wp-json\/wp\/v2\/pages"}],"about":[{"href":"https:\/\/bitcoin-quantum.com\/da\/wp-json\/wp\/v2\/types\/page"}],"author":[{"embeddable":true,"href":"https:\/\/bitcoin-quantum.com\/da\/wp-json\/wp\/v2\/users\/2"}],"replies":[{"embeddable":true,"href":"https:\/\/bitcoin-quantum.com\/da\/wp-json\/wp\/v2\/comments?post=2084"}],"version-history":[{"count":7,"href":"https:\/\/bitcoin-quantum.com\/da\/wp-json\/wp\/v2\/pages\/2084\/revisions"}],"predecessor-version":[{"id":3103,"href":"https:\/\/bitcoin-quantum.com\/da\/wp-json\/wp\/v2\/pages\/2084\/revisions\/3103"}],"wp:attachment":[{"href":"https:\/\/bitcoin-quantum.com\/da\/wp-json\/wp\/v2\/media?parent=2084"}],"curies":[{"name":"wp","href":"https:\/\/api.w.org\/{rel}","templated":true}]}}